{"id":5424,"date":"2022-08-23T15:56:01","date_gmt":"2022-08-23T13:56:01","guid":{"rendered":"https:\/\/www2.accatre.it\/?page_id=5424"},"modified":"2024-02-16T12:02:29","modified_gmt":"2024-02-16T11:02:29","slug":"sistema-di-videosorveglianza","status":"publish","type":"page","link":"https:\/\/www.accatre.it\/index.php\/sistema-di-videosorveglianza\/","title":{"rendered":"SISTEMA DI VIDEOSORVEGLIANZA"},"content":{"rendered":"<div data-colibri-id=\"5424-c1\" class=\"style-1914 style-local-5424-c1 position-relative\">\n  <!---->\n  <div data-colibri-component=\"section\" data-colibri-id=\"5424-c2\" id=\"custom\" class=\"h-section h-section-global-spacing d-flex align-items-lg-center align-items-md-center align-items-center style-1915 style-local-5424-c2 position-relative\">\n    <!---->\n    <!---->\n    <div class=\"h-section-grid-container h-section-boxed-container\">\n      <!---->\n      <div data-colibri-id=\"5424-c3\" class=\"h-row-container gutters-row-lg-2 gutters-row-md-2 gutters-row-0 gutters-row-v-lg-2 gutters-row-v-md-2 gutters-row-v-2 style-2186 style-local-5424-c3 position-relative\">\n        <!---->\n        <div class=\"h-row justify-content-lg-center justify-content-md-center justify-content-center align-items-lg-stretch align-items-md-stretch align-items-stretch gutters-col-lg-2 gutters-col-md-2 gutters-col-0 gutters-col-v-lg-2 gutters-col-v-md-2 gutters-col-v-2\">\n          <!---->\n          <div class=\"h-column h-column-container d-flex h-col-lg-auto h-col-md-auto h-col-auto style-2187-outer style-local-5424-c4-outer\">\n            <div data-colibri-id=\"5424-c4\" class=\"d-flex h-flex-basis h-column__inner h-px-lg-2 h-px-md-2 h-px-2 v-inner-lg-2 v-inner-md-2 v-inner-2 style-2187 style-local-5424-c4 position-relative\">\n              <!---->\n              <!---->\n              <div class=\"w-100 h-y-container h-column__content h-column__v-align flex-basis-100 align-self-lg-start align-self-md-start align-self-start\">\n                <!---->\n                <div data-colibri-id=\"5424-c5\" class=\"h-global-transition-all h-heading style-1922 style-local-5424-c5 position-relative h-element\">\n                  <!---->\n                  <div class=\"h-heading__outer style-1922 style-local-5424-c5\">\n                    <!---->\n                    <!---->\n                    <h2 class=\"\"><span style=\"font-weight: 400;\">Attivit\u00e0 di videosorveglianza<\/span><\/h2>\n                  <\/div>\n                <\/div>\n                <div data-colibri-id=\"5424-c6\" class=\"h-text h-text-component style-1918 style-local-5424-c6 position-relative h-element\">\n                  <!---->\n                  <!---->\n                  <div class=\"\">\n                    <p><span style=\"font-weight: 400; font-size: 16px; font-family: &quot;Open Sans&quot;; color: rgb(0, 0, 0);\">Informativa sul trattamento dei dati personali ai sensi dell&#8217;art.13 Regolamento UE n.2016\/679 (G.D.P.R). Accatre s.r.l., in qualit\u00e0 di titolare del trattamento dei dati personali relativi al sistema di videosorveglianza dalla stessa posto in essere, ai sensi dell&#8217;art. 13 Reg. UE 16\/679, con la presente informa che la stessa tratta i Suoi dati personali nel rispetto del principio di legalit\u00e0, legittimit\u00e0, correttezza e trasparenza, fornendo le seguenti informazioni:<\/span>\n                      <strong\n                        style=\"color: rgb(0, 0, 0);\">\n                        <br>\n                        <\/strong>\n                    <\/p>\n                    <h3><strong style=\"font-weight: 400;\">Titolare del trattamento<\/strong><\/h3>\n                    <ul>\n                      <li>Accatre s.r.l.<\/li>\n                      <li>Sede legale: Viale della stazione, n. 4 \u2013 30020 Marcon, Venezia<\/li>\n                      <li>Indirizzo mail: <span style=\"color: rgb(28, 74, 129); font-weight: 600;\">info@accatre.it<\/span>&nbsp;<\/li>\n                      <li>Indirizzo PEC:&nbsp;<span style=\"font-weight: 600;\"> <\/span><span style=\"font-weight: 600; color: rgb(28, 74, 129);\">accatre@legalmail.it&nbsp;<\/span><\/li>\n                      <li>Telefono: 041.5952788<\/li>\n                    <\/ul>\n                    <h3><strong style=\"font-weight: 400;\">Responsabile della Protezione dei Dati (DPO)<\/strong><\/h3>\n                    <p>Indirizzo mail\/PEC:&nbsp;\n                      <a href=\"mailto:privacy@boxxapps.com\" style=\"font-family: Cairo; font-weight: 600; font-size: 1em; color: rgb(28, 74, 129);\">privacy@boxxapps.com<\/a>\n                    <\/p>\n                    <h3><strong style=\"font-weight: 400;\">Tipologia di dati personali trattati<\/strong><\/h3>\n                    <p>Con riferimento al Procedimento ed alle finalit\u00e0 qui di seguito descritte, la Societ\u00e0 tratter\u00e0 i seguenti dati personali.<\/p>\n                    <p><strong>DATI PERSONALI COMUNI<\/strong><\/p>\n                    <ul>\n                      <li>Dati personali identificativi (targa del veicolo che pu\u00f2 essere oggetto di riprese)<\/li>\n                      <li>Immagini personali, videoriprese e registrazioni<\/li>\n                    <\/ul>\n                    <h3><strong style=\"font-weight: 400;\">Finalit\u00e0 e base giuridica del trattamento<\/strong><\/h3>\n                    <p>Si descrivono qui di seguito le finalit\u00e0 per le quali Accatre s.r.l. tratta i Suoi dati personali, sia nella gestione del Procedimento che nell\u2019eventuale gestione dei rapporti futuri.<\/p>\n                    <p><strong>Finalit\u00e0 di sicurezza e prevenzione:<\/strong><\/p>\n                    <ul>\n                      <li><strong>Finalit\u00e0 di tutela della propriet\u00e0:<\/strong>&nbsp;il sistema di videosorveglianza \u00e8 volto alla tutela dei beni di propriet\u00e0 o in gestione ad <span style=\"font-weight: 400; font-size: 16px; font-family: &quot;Open Sans&quot;; color: rgb(23, 37, 42);\">Accatre&nbsp;<\/span>s.r.l.,\n                        ed \u00e8 strumentale alla tutela del patrimonio e alla prevenzione o all\u2019accertamento di eventuali atti di vandalismo o danneggiamento.&nbsp;<\/li>\n                      <li><strong>Finalit\u00e0 di organizzazione, produttivit\u00e0 e sicurezza lavorativa:<\/strong>&nbsp;le immagini potranno essere utilizzate per esigenze organizzative e produttive della Societ\u00e0 per garantire la sicurezza del lavoro e per la tutela\n                        del patrimonio aziendale ai sensi di quanto previsto dalla Legge n. 300\/1970.<\/li>\n                    <\/ul>\n                    <p>\n                      <br>\n                    <\/p>\n                    <p>Per tali finalit\u00e0,&nbsp;<strong>i dispositivi di ripresa saranno attivi esclusivamente in orario non lavorativo, quando la sede non risulta presidiata da personale della societ\u00e0.<\/strong>&nbsp;Le videocamere, pertanto, non saranno\n                      attive negli orari di entrata ed uscita dei dipendenti (previste dai regolamenti interni).<\/p>\n                    <p>Le sopra citate finalit\u00e0 di trattamento trovano fondamento di liceit\u00e0 nelle seguenti basi giuridiche<\/p>\n                    <p><strong>BASI GIURIDICHE<\/strong><\/p>\n                    <p>Il trattamento \u00e8 necessario per il perseguimento del legittimo interesse del titolare del trattamento o di terzi, a condizione che non prevalgano gli interessi o i diritti e le libert\u00e0 fondamentali dell\u2019interessato che richiedono la\n                      protezione dei dati personali, in particolare se l\u2019interessato \u00e8 un minore. \u2013 ex art. 6 part. 1 lett. F) Regolamento (UE) 2016\/679.<\/p>\n                    <h3><strong style=\"font-weight: 400; color: rgb(0, 0, 0);\">Categorie degli eventuali destinatari dei dati personali<\/strong><\/h3>\n                    <p>Qui di seguito sono descritte le categorie dei destinatari dei dati personali trattati, ai sensi dell\u2019art. 13 lett. e) Regolamento (UE) 2016\/679.Si riportano qui di seguito le categorie di soggetti affidatari di servizi, i quali trattano\n                      dati per conto di <span style=\"font-weight: 400; font-size: 16px; font-family: &quot;Open Sans&quot;; color: rgb(23, 37, 42);\">Accatre&nbsp;<\/span>s.r.l.. Tali soggetti sono nominati responsabili del trattamento ai sensi dell\u2019art.\n                      28 Regolamento (UE) 2016\/679; maggiori informazioni in merito possono essere reperite presso gli uffici del servizio richiesto.<\/p>\n                    <ul>\n                      <li>Societ\u00e0 informatiche, fornitori di reti, di servizi di comunicazione elettronica e di servizi informatici e telematici di archiviazione e gestione informatica dei dati.<\/li>\n                      <li>Societ\u00e0 che forniscono, manutengono e gestiscono i gestionali e le banche dati utilizzati da <span style=\"font-weight: 400; font-size: 16px; font-family: &quot;Open Sans&quot;; color: rgb(23, 37, 42);\">Accatre&nbsp;<\/span>s.r.l.<\/li>\n                      <li>Societ\u00e0 che forniscono, manutengono e gestiscono i sistemi di videosorveglianza della Societ\u00e0.<\/li>\n                      <li>Istituti di vigilanza privata debitamente contrattualizzati e responsabilizzati.<\/li>\n                    <\/ul>\n                    <p>\n                      <br>\n                    <\/p>\n                    <p><span style=\"font-weight: 400; font-size: 16px; font-family: &quot;Open Sans&quot;; color: rgb(33, 37, 41);\">Si riportano qui di seguito le ulteriori categorie di destinatari dei dati personali, i quali sono destinatari dei dati personali in considerazione delle comunicazioni obbligatorie previste da norme di legge e regolamento.&nbsp;<\/span><\/p>\n                    <ul>\n                      <li>Prefettura, Questura, Carabinieri, Forze di polizia, Autorit\u00e0 giudiziaria e di pubblica sicurezza.<\/li>\n                    <\/ul>\n                    <h3><strong style=\"font-weight: 400; color: rgb(0, 0, 0);\">Periodo di conservazione dei dati personali<\/strong><\/h3>\n                    <p>Si indicano qui di seguito il periodo di conservazione dei dati personali raccolti e trattati dalla Societ\u00e0, e nel caso tale periodo non sia individuabile, vengono indicati qui di seguito i criteri utilizzati per la determinazione\n                      dello stesso. In generale si ricorda che i dati saranno trattati per tutto il tempo necessario allo svolgimento del procedimento specifico, e potranno successivamente essere conservati se funzionali ad altri servizi.<\/p>\n                    <p><strong style=\"font-weight: 700;\">NATURA DEL TRATTAMENTO<\/strong>: Dati, informazioni, immagini raccolte mediante l\u2019uso di sistemi di videosorveglianza.<\/p>\n                    <p><strong style=\"font-weight: 700;\">PERIODO DI CONSERVAZIONE<\/strong>: La conservazione dei dati, delle informazioni e delle immagini raccolte mediante l\u2019uso di sistemi di videosorveglianza \u00e8 limitata al massimo, alle ventiquattro ore,\n                      fatte salve speciali esigenze di ulteriore conservazione. Qualora vi fosse necessit\u00e0, alcuni fotogrammi e dati potranno essere ulteriormente trattati sino al completamento delle relative procedure di accertamento da parte di Autorit\u00e0\n                      Giudiziaria e Forze di Polizia e di Pubblica Sicurezza, preposti, legate ad un evento gi\u00e0 accaduto o realmente incombente.<\/p>\n                    <h3><strong style=\"font-weight: 400; color: rgb(0, 0, 0);\">Diritti dell\u2019interessato<\/strong><\/h3>\n                    <p>Con la presente Le ricordiamo che Lei ha il diritto di chiedere in ogni momento a <span style=\"font-weight: 400; font-size: 16px; font-family: &quot;Open Sans&quot;; color: rgb(23, 37, 42);\">Accatre&nbsp;<\/span>s.r.l. l\u2019accesso ai\n                      propri dati personali, la rettifica degli stessi qualora non siano veritieri, nonch\u00e9 la loro cancellazione. Potr\u00e0 poi chiedere la limitazione del trattamento che la riguarda, e potr\u00e0 opporsi allo stesso laddove sia esercitato in\n                      modo illegittimo. L\u2019apposita istanza relativa all\u2019esercizio dei sopracitati diritti potr\u00e0 essere presentata o al sottoscritto Titolare del trattamento o al Responsabile della protezione dei dati designato, ai recapiti sopra indicati\n                      (ex artt. 15 e ss GDPR 2016\/679). Lei ha inoltre diritto di proporre reclamo all\u2019Autorit\u00e0 di Controllo competente, il Garante per la Protezione dei Dati Personali.<\/p>\n                    <h3><strong style=\"font-weight: 400; color: rgb(0, 0, 0);\">Conferimento dei dati personali<\/strong><\/h3>\n                    <p>Si ricorda che il conferimento e la comunicazione dei dati personali come sopra elencati \u00e8 obbligatoria, nonch\u00e9 immediata in riferimento all\u2019inizio del trattamento, in relazione all\u2019area sottoposta a videosorveglianza, secondo le condizioni\n                      specificamente individuate da legge e descritte nella presente informativa.<\/p>\n                  <\/div>\n                <\/div>\n              <\/div>\n            <\/div>\n          <\/div>\n        <\/div>\n      <\/div>\n    <\/div>\n  <\/div>\n<\/div>","protected":false},"excerpt":{"rendered":"<p>Attivit\u00e0 di videosorveglianza Informativa sul trattamento dei dati personali ai sensi dell&#8217;art.13 Regolamento UE n.2016\/679 (G.D.P.R). Accatre s.r.l., in qualit\u00e0 di titolare del trattamento dei dati personali relativi al sistema di videosorveglianza dalla stessa posto in essere, ai sensi dell&#8217;art. 13 Reg. UE 16\/679, con la presente informa che la stessa tratta i Suoi dati [&hellip;]<\/p>\n","protected":false},"author":1,"featured_media":0,"parent":0,"menu_order":0,"comment_status":"closed","ping_status":"closed","template":"page-templates\/full-width-page.php","meta":{"iawp_total_views":1,"footnotes":""},"class_list":["post-5424","page","type-page","status-publish","hentry"],"yoast_head":"<!-- This site is optimized with the Yoast SEO plugin v27.3 - https:\/\/yoast.com\/product\/yoast-seo-wordpress\/ -->\n<title>SISTEMA DI VIDEOSORVEGLIANZA - Accatre Srl<\/title>\n<meta name=\"description\" content=\"Attivit\u00e0 di videosorveglianza e Informativa sul trattamento dei dati personali\" \/>\n<meta name=\"robots\" content=\"index, follow, max-snippet:-1, max-image-preview:large, max-video-preview:-1\" \/>\n<link rel=\"canonical\" href=\"https:\/\/www.accatre.it\/index.php\/sistema-di-videosorveglianza\/\" \/>\n<meta property=\"og:locale\" content=\"it_IT\" \/>\n<meta property=\"og:type\" content=\"article\" \/>\n<meta property=\"og:title\" content=\"SISTEMA DI VIDEOSORVEGLIANZA - Accatre Srl\" \/>\n<meta property=\"og:description\" content=\"Attivit\u00e0 di videosorveglianza e Informativa sul trattamento dei dati personali\" \/>\n<meta property=\"og:url\" content=\"https:\/\/www.accatre.it\/index.php\/sistema-di-videosorveglianza\/\" \/>\n<meta property=\"og:site_name\" content=\"Accatre Srl\" \/>\n<meta property=\"article:modified_time\" content=\"2024-02-16T11:02:29+00:00\" \/>\n<meta name=\"twitter:card\" content=\"summary_large_image\" \/>\n<meta name=\"twitter:label1\" content=\"Tempo di lettura stimato\" \/>\n\t<meta name=\"twitter:data1\" content=\"5 minuti\" \/>\n<script type=\"application\/ld+json\" class=\"yoast-schema-graph\">{\"@context\":\"https:\\\/\\\/schema.org\",\"@graph\":[{\"@type\":\"WebPage\",\"@id\":\"https:\\\/\\\/www.accatre.it\\\/index.php\\\/sistema-di-videosorveglianza\\\/\",\"url\":\"https:\\\/\\\/www.accatre.it\\\/index.php\\\/sistema-di-videosorveglianza\\\/\",\"name\":\"SISTEMA DI VIDEOSORVEGLIANZA - Accatre Srl\",\"isPartOf\":{\"@id\":\"https:\\\/\\\/www.accatre.it\\\/#website\"},\"datePublished\":\"2022-08-23T13:56:01+00:00\",\"dateModified\":\"2024-02-16T11:02:29+00:00\",\"description\":\"Attivit\u00e0 di videosorveglianza e Informativa sul trattamento dei dati personali\",\"breadcrumb\":{\"@id\":\"https:\\\/\\\/www.accatre.it\\\/index.php\\\/sistema-di-videosorveglianza\\\/#breadcrumb\"},\"inLanguage\":\"it-IT\",\"potentialAction\":[{\"@type\":\"ReadAction\",\"target\":[\"https:\\\/\\\/www.accatre.it\\\/index.php\\\/sistema-di-videosorveglianza\\\/\"]}]},{\"@type\":\"BreadcrumbList\",\"@id\":\"https:\\\/\\\/www.accatre.it\\\/index.php\\\/sistema-di-videosorveglianza\\\/#breadcrumb\",\"itemListElement\":[{\"@type\":\"ListItem\",\"position\":1,\"name\":\"Home\",\"item\":\"https:\\\/\\\/www.accatre.it\\\/\"},{\"@type\":\"ListItem\",\"position\":2,\"name\":\"SISTEMA DI VIDEOSORVEGLIANZA\"}]},{\"@type\":\"WebSite\",\"@id\":\"https:\\\/\\\/www.accatre.it\\\/#website\",\"url\":\"https:\\\/\\\/www.accatre.it\\\/\",\"name\":\"Accatre Srl\",\"description\":\"Servizi per la Pubblica Amministrazione\",\"publisher\":{\"@id\":\"https:\\\/\\\/www.accatre.it\\\/#organization\"},\"potentialAction\":[{\"@type\":\"SearchAction\",\"target\":{\"@type\":\"EntryPoint\",\"urlTemplate\":\"https:\\\/\\\/www.accatre.it\\\/?s={search_term_string}\"},\"query-input\":{\"@type\":\"PropertyValueSpecification\",\"valueRequired\":true,\"valueName\":\"search_term_string\"}}],\"inLanguage\":\"it-IT\"},{\"@type\":\"Organization\",\"@id\":\"https:\\\/\\\/www.accatre.it\\\/#organization\",\"name\":\"Accatre Srl\",\"url\":\"https:\\\/\\\/www.accatre.it\\\/\",\"logo\":{\"@type\":\"ImageObject\",\"inLanguage\":\"it-IT\",\"@id\":\"https:\\\/\\\/www.accatre.it\\\/#\\\/schema\\\/logo\\\/image\\\/\",\"url\":\"https:\\\/\\\/www.accatre.it\\\/wp-content\\\/uploads\\\/2026\\\/01\\\/H3-13-scaled.png\",\"contentUrl\":\"https:\\\/\\\/www.accatre.it\\\/wp-content\\\/uploads\\\/2026\\\/01\\\/H3-13-scaled.png\",\"width\":2560,\"height\":1536,\"caption\":\"Accatre Srl\"},\"image\":{\"@id\":\"https:\\\/\\\/www.accatre.it\\\/#\\\/schema\\\/logo\\\/image\\\/\"},\"sameAs\":[\"https:\\\/\\\/www.linkedin.com\\\/company\\\/accatre-s.r.l.\\\/\"]}]}<\/script>\n<!-- \/ Yoast SEO plugin. -->","yoast_head_json":{"title":"SISTEMA DI VIDEOSORVEGLIANZA - Accatre Srl","description":"Attivit\u00e0 di videosorveglianza e Informativa sul trattamento dei dati personali","robots":{"index":"index","follow":"follow","max-snippet":"max-snippet:-1","max-image-preview":"max-image-preview:large","max-video-preview":"max-video-preview:-1"},"canonical":"https:\/\/www.accatre.it\/index.php\/sistema-di-videosorveglianza\/","og_locale":"it_IT","og_type":"article","og_title":"SISTEMA DI VIDEOSORVEGLIANZA - Accatre Srl","og_description":"Attivit\u00e0 di videosorveglianza e Informativa sul trattamento dei dati personali","og_url":"https:\/\/www.accatre.it\/index.php\/sistema-di-videosorveglianza\/","og_site_name":"Accatre Srl","article_modified_time":"2024-02-16T11:02:29+00:00","twitter_card":"summary_large_image","twitter_misc":{"Tempo di lettura stimato":"5 minuti"},"schema":{"@context":"https:\/\/schema.org","@graph":[{"@type":"WebPage","@id":"https:\/\/www.accatre.it\/index.php\/sistema-di-videosorveglianza\/","url":"https:\/\/www.accatre.it\/index.php\/sistema-di-videosorveglianza\/","name":"SISTEMA DI VIDEOSORVEGLIANZA - Accatre Srl","isPartOf":{"@id":"https:\/\/www.accatre.it\/#website"},"datePublished":"2022-08-23T13:56:01+00:00","dateModified":"2024-02-16T11:02:29+00:00","description":"Attivit\u00e0 di videosorveglianza e Informativa sul trattamento dei dati personali","breadcrumb":{"@id":"https:\/\/www.accatre.it\/index.php\/sistema-di-videosorveglianza\/#breadcrumb"},"inLanguage":"it-IT","potentialAction":[{"@type":"ReadAction","target":["https:\/\/www.accatre.it\/index.php\/sistema-di-videosorveglianza\/"]}]},{"@type":"BreadcrumbList","@id":"https:\/\/www.accatre.it\/index.php\/sistema-di-videosorveglianza\/#breadcrumb","itemListElement":[{"@type":"ListItem","position":1,"name":"Home","item":"https:\/\/www.accatre.it\/"},{"@type":"ListItem","position":2,"name":"SISTEMA DI VIDEOSORVEGLIANZA"}]},{"@type":"WebSite","@id":"https:\/\/www.accatre.it\/#website","url":"https:\/\/www.accatre.it\/","name":"Accatre Srl","description":"Servizi per la Pubblica Amministrazione","publisher":{"@id":"https:\/\/www.accatre.it\/#organization"},"potentialAction":[{"@type":"SearchAction","target":{"@type":"EntryPoint","urlTemplate":"https:\/\/www.accatre.it\/?s={search_term_string}"},"query-input":{"@type":"PropertyValueSpecification","valueRequired":true,"valueName":"search_term_string"}}],"inLanguage":"it-IT"},{"@type":"Organization","@id":"https:\/\/www.accatre.it\/#organization","name":"Accatre Srl","url":"https:\/\/www.accatre.it\/","logo":{"@type":"ImageObject","inLanguage":"it-IT","@id":"https:\/\/www.accatre.it\/#\/schema\/logo\/image\/","url":"https:\/\/www.accatre.it\/wp-content\/uploads\/2026\/01\/H3-13-scaled.png","contentUrl":"https:\/\/www.accatre.it\/wp-content\/uploads\/2026\/01\/H3-13-scaled.png","width":2560,"height":1536,"caption":"Accatre Srl"},"image":{"@id":"https:\/\/www.accatre.it\/#\/schema\/logo\/image\/"},"sameAs":["https:\/\/www.linkedin.com\/company\/accatre-s.r.l.\/"]}]}},"_links":{"self":[{"href":"https:\/\/www.accatre.it\/index.php\/wp-json\/wp\/v2\/pages\/5424","targetHints":{"allow":["GET"]}}],"collection":[{"href":"https:\/\/www.accatre.it\/index.php\/wp-json\/wp\/v2\/pages"}],"about":[{"href":"https:\/\/www.accatre.it\/index.php\/wp-json\/wp\/v2\/types\/page"}],"author":[{"embeddable":true,"href":"https:\/\/www.accatre.it\/index.php\/wp-json\/wp\/v2\/users\/1"}],"replies":[{"embeddable":true,"href":"https:\/\/www.accatre.it\/index.php\/wp-json\/wp\/v2\/comments?post=5424"}],"version-history":[{"count":8,"href":"https:\/\/www.accatre.it\/index.php\/wp-json\/wp\/v2\/pages\/5424\/revisions"}],"predecessor-version":[{"id":9056,"href":"https:\/\/www.accatre.it\/index.php\/wp-json\/wp\/v2\/pages\/5424\/revisions\/9056"}],"wp:attachment":[{"href":"https:\/\/www.accatre.it\/index.php\/wp-json\/wp\/v2\/media?parent=5424"}],"curies":[{"name":"wp","href":"https:\/\/api.w.org\/{rel}","templated":true}]}}